{"id":7,"date":"2015-05-28T17:42:42","date_gmt":"2015-05-28T14:42:42","guid":{"rendered":"http:\/\/www.caverit.fi\/?page_id=7"},"modified":"2015-08-10T18:49:10","modified_gmt":"2015-08-10T15:49:10","slug":"jaseneksi","status":"publish","type":"page","link":"https:\/\/www.caverit.fi\/?page_id=7","title":{"rendered":"J\u00e4seneksi"},"content":{"rendered":"<p>&nbsp;<\/p>\n<p>Voit liitty\u00e4 j\u00e4seneksi:<\/p>\n<p>1. T\u00e4ytt\u00e4m\u00e4ll\u00e4 sitovan alla olevan nettilomakkeen.<\/p>\n<div style=\"display:none\" class=\"fm-form-container fm-theme1\"><div id=\"fm-pages10\" class=\"fm-pages wdform_page_navigation \" show_title=\"false\" show_numbers=\"true\" type=\"none\"><\/div><form name=\"form10\" action=\"\/index.php?rest_route=%2Fwp%2Fv2%2Fpages%2F7\" method=\"post\" id=\"form10\" class=\"fm-form form10  \" enctype=\"multipart\/form-data\"><input type=\"hidden\" id=\"counter10\" value=\"14\" name=\"counter10\" \/><input type=\"hidden\" id=\"Itemid10\" value=\"\" name=\"Itemid10\" \/><input type=\"text\" class=\"fm-hide\" id=\"fm_bot_validation10\" value=\"\" name=\"fm_bot_validation10\" \/><input type=\"text\" class=\"fm-hide\" id=\"fm_empty_field_validation10\" value=\"\" name=\"fm_empty_field_validation10\" data-value=\"0a1462e5e2dfe0c249006575d941fc73\" \/><input type=\"hidden\" id=\"fm_form_nonce10\" name=\"fm_form_nonce10\" value=\"80953eb475\" \/><input type=\"hidden\" name=\"_wp_http_referer\" value=\"\/index.php?rest_route=%2Fwp%2Fv2%2Fpages%2F7\" \/><div class=\"wdform-page-and-images\" style=\"display:table; border-top:0px solid black;\"><div id=\"10form_view1\" class=\"wdform_page\" page_title=\"Untitled page\" next_title=\"Next\" next_type=\"text\" next_class=\"wdform-page-button\" next_checkable=\"false\" previous_title=\"Previous\" previous_type=\"text\" previous_class=\"wdform-page-button\" previous_checkable=\"false\"><div class=\"wdform_section\"><div class=\"wdform_column \"><div class=\"wdform_row \" wdid=\"1\"><div type=\"type_text\" class=\"wdform-field wd-width-100 wd-flex wd-flex-row\"><div class=\"wdform-label-section wd-width-30  wd-flex-row wd-align-items-center\" style=\"max-width: 200px;\">    <label  for=\"wdform_1_element10\" class=\"wdform-label\">Etunimet:<\/label><span class=\"wdform-required\">*<\/span><\/div><div class=\"wdform-element-section wd-flex  wd-flex-row wd-align-items-center wd-width-70\" style=\"max-width: 200px;\"><input type=\"text\"                           class=\"wd-width-100\"                           id=\"wdform_1_element10\"                           name=\"wdform_1_element10\"                           value=\"\"                           title=\"\"                           placeholder=\"\"                                                       \/><\/div><\/div><\/div><div style=\"\" class=\"wdform_row \" wdid=\"9\"><div type=\"type_text\" class=\"wdform-field wd-width-100 wd-flex wd-flex-row\"><div class=\"wdform-label-section wd-width-30  wd-flex-row wd-align-items-center\" style=\"max-width: 200px;\">    <label  for=\"wdform_9_element10\" class=\"wdform-label\">Sukunimi:<\/label><span class=\"wdform-required\">*<\/span><\/div><div class=\"wdform-element-section wd-flex  wd-flex-row wd-align-items-center wd-width-70\" style=\"max-width: 200px;\"><input type=\"text\"                           class=\"wd-width-100\"                           id=\"wdform_9_element10\"                           name=\"wdform_9_element10\"                           value=\"\"                           title=\"\"                           placeholder=\"\"                                                       \/><\/div><\/div><\/div><div style=\"\" class=\"wdform_row \" wdid=\"10\"><div type=\"type_text\" class=\"wdform-field wd-width-100 wd-flex wd-flex-row\"><div class=\"wdform-label-section wd-width-30  wd-flex-row wd-align-items-center\" style=\"max-width: 200px;\">    <label  for=\"wdform_10_element10\" class=\"wdform-label\">Sotu:<\/label><span class=\"wdform-required\">*<\/span><\/div><div class=\"wdform-element-section wd-flex  wd-flex-row wd-align-items-center wd-width-70\" style=\"max-width: 200px;\"><input type=\"text\"                           class=\"wd-width-100\"                           id=\"wdform_10_element10\"                           name=\"wdform_10_element10\"                           value=\"\"                           title=\"\"                           placeholder=\"\"                                                       \/><\/div><\/div><\/div><div style=\"\" class=\"wdform_row \" wdid=\"2\"><div type=\"type_text\" class=\"wdform-field wd-width-100 wd-flex wd-flex-row\"><div class=\"wdform-label-section wd-width-30  wd-flex-row wd-align-items-center\" style=\"max-width: 200px;\">    <label  for=\"wdform_2_element10\" class=\"wdform-label\">Katuosoite:<\/label><span class=\"wdform-required\">*<\/span><\/div><div class=\"wdform-element-section wd-flex  wd-flex-row wd-align-items-center wd-width-70\" style=\"max-width: 200px;\"><input type=\"text\"                           class=\"wd-width-100\"                           id=\"wdform_2_element10\"                           name=\"wdform_2_element10\"                           value=\"\"                           title=\"\"                           placeholder=\"\"                                                       \/><\/div><\/div><\/div><div class=\"wdform_row \" wdid=\"3\"><div type=\"type_number\" class=\"wdform-field\" style=\"width: 410px\"><div class=\"wdform-label-section wd-width-30 \" style=\"max-width: 200px;\">    <label  for=\"wdform_3_element10\" class=\"wdform-label\">Postinumero:<\/label><span class=\"wdform-required\">*<\/span><\/div><div class=\"wdform-element-section \" style=\"width: 200px;\">              <input type=\"text\"                     class=\"wd-width-100\"                     id=\"wdform_3_element10\"                     name=\"wdform_3_element10\"                     value=\"\"                     title=\"\"                     >              <\/div><\/div><\/div><div class=\"wdform_row \" wdid=\"4\"><div type=\"type_text\" class=\"wdform-field wd-width-100 wd-flex wd-flex-row\"><div class=\"wdform-label-section wd-width-30  wd-flex-row wd-align-items-center\" style=\"max-width: 200px;\">    <label  for=\"wdform_4_element10\" class=\"wdform-label\">Postitoimipaikka:<\/label><span class=\"wdform-required\">*<\/span><\/div><div class=\"wdform-element-section wd-flex  wd-flex-row wd-align-items-center wd-width-70\" style=\"max-width: 200px;\"><input type=\"text\"                           class=\"wd-width-100\"                           id=\"wdform_4_element10\"                           name=\"wdform_4_element10\"                           value=\"\"                           title=\"\"                           placeholder=\"\"                                                       \/><\/div><\/div><\/div><div style=\"\" class=\"wdform_row \" wdid=\"6\"><div type=\"type_number\" class=\"wdform-field\" style=\"width: 410px\"><div class=\"wdform-label-section wd-width-30 \" style=\"max-width: 200px;\">    <label  for=\"wdform_6_element10\" class=\"wdform-label\">Puhelin:<\/label><span class=\"wdform-required\">*<\/span><\/div><div class=\"wdform-element-section \" style=\"width: 200px;\">              <input type=\"text\"                     class=\"wd-width-100\"                     id=\"wdform_6_element10\"                     name=\"wdform_6_element10\"                     value=\"\"                     title=\"\"                     >              <\/div><\/div><\/div><div style=\"\" class=\"wdform_row \" wdid=\"7\"><div type=\"type_submitter_mail\" class=\"wdform-field wd-width-100 wd-flex wd-flex-row\"><div class=\"wdform-label-section wd-width-30  wd-flex-row\" style=\"max-width: 200px;\">    <label  for=\"wdform_7_element10\" class=\"wdform-label\">S\u00e4hk\u00f6posti:<\/label><span class=\"wdform-required\">*<\/span><\/div><div class=\"wdform-element-section wd-flex  wd-flex-row wd-width-70\" style=\"max-width: 200px;\"><input type=\"text\" class=\"wd-width-100\" id=\"wdform_7_element10\" name=\"wdform_7_element10\" value=\"\" title=\"\" placeholder=\"\"   onchange=\"wd_check_email('7', '10', 'This is not a valid email address.')\" \/><\/div><\/div><\/div><div style=\"\" class=\"wdform_row \" wdid=\"12\"><div type=\"type_text\" class=\"wdform-field wd-width-100 wd-flex wd-flex-row\"><div class=\"wdform-label-section wd-width-30  wd-flex-row wd-align-items-center\" style=\"max-width: 200px;\">    <label  for=\"wdform_12_element10\" class=\"wdform-label\">Ammatti:<\/label><span class=\"wdform-required\">*<\/span><\/div><div class=\"wdform-element-section wd-flex  wd-flex-row wd-align-items-center wd-width-70\" style=\"max-width: 200px;\"><input type=\"text\"                           class=\"wd-width-100\"                           id=\"wdform_12_element10\"                           name=\"wdform_12_element10\"                           value=\"\"                           title=\"\"                           placeholder=\"\"                                                       \/><\/div><\/div><\/div><div style=\"\" class=\"wdform_row \" wdid=\"11\"><div type=\"type_text\" class=\"wdform-field wd-width-100 wd-flex wd-flex-row\"><div class=\"wdform-label-section wd-width-30  wd-flex-row wd-align-items-center\" style=\"max-width: 200px;\">    <label  for=\"wdform_11_element10\" class=\"wdform-label\">Caverion toimipaikka:<\/label><span class=\"wdform-required\">*<\/span><\/div><div class=\"wdform-element-section wd-flex  wd-flex-row wd-align-items-center wd-width-70\" style=\"max-width: 200px;\"><input type=\"text\"                           class=\"wd-width-100\"                           id=\"wdform_11_element10\"                           name=\"wdform_11_element10\"                           value=\"\"                           title=\"\"                           placeholder=\"\"                                                       \/><\/div><\/div><\/div><div style=\"\" class=\"wdform_row \" wdid=\"13\"><div type=\"type_text\" class=\"wdform-field wd-width-100 wd-flex wd-flex-row\"><div class=\"wdform-label-section wd-width-30  wd-flex-row wd-align-items-center\" style=\"max-width: 200px;\">    <label  for=\"wdform_13_element10\" class=\"wdform-label\">J\u00e4senmaksun perint\u00e4 alkaa:<\/label><span class=\"wdform-required\">*<\/span><\/div><div class=\"wdform-element-section wd-flex  wd-flex-row wd-align-items-center wd-width-70\" style=\"max-width: 200px;\"><input type=\"text\"                           class=\"wd-width-100\"                           id=\"wdform_13_element10\"                           name=\"wdform_13_element10\"                           value=\"\"                           title=\"\"                           placeholder=\"\"                                                       \/><\/div><\/div><\/div><div style=\"\" class=\"wdform_row \" wdid=\"8\"><div type=\"type_submit_reset\" class=\"wdform-field wd-width-100 wd-flex wd-flex-column\"><div class=\"wdform-element-section wd-flex  wd-flex-row wd-width-100\" ><button  type=\"button\" class=\"button-submit\" onclick=\"fm_submit_form('10');\"  data-ajax=\"0\"><span class=\"fm-submit-loading spinner fm-ico-spinner\"><\/span>L\u00e4het\u00e4<\/button><button  type=\"button\" class=\"button-reset wd-hidden\" onclick=\"fm_reset_form(10);\" >Reset<\/button><\/div><\/div><\/div><\/div><\/div><div valign=\"top\" class=\"wdform_footer\" style=\"width: 100%;\"><div style=\"width: 100%;\"><div style=\"width: 100%; display: table;\"><div style=\"display: table-row-group;\"><div id=\"10page_nav1\" style=\"display: table-row;\"><\/div><\/div><\/div><\/div><\/div><\/div><\/div><div class=\"wdform_preload\"><\/div><\/form><\/div>\n<p>2. Tai l\u00e4hett\u00e4m\u00e4ll\u00e4 liittymislomakkeen s\u00e4hk\u00f6postilla, jonka voi ladata alta.<\/p>\n<h4><strong><a href=\"http:\/\/www.caverit.fi\/lomakkeet\/Liittymiskaavake.docx\">Liittymiskaavake\/ J\u00e4senmaksun perint\u00e4sopimus<\/a><\/strong><\/h4>\n<p>Kaavakkeen t\u00e4ytt\u00f6 ja l\u00e4hetys:<br \/>\n1. Lataa pdf- tiedosto omalle koneellesi.<br \/>\n2. Avaa se Adobe Reader ohjelmassa.<br \/>\n3. T\u00e4yt\u00e4 lomakkeen kent\u00e4t ja tallenna.<br \/>\n4. L\u00e4het\u00e4 t\u00e4ytetty lomake s\u00e4hk\u00f6postin liitteen\u00e4: petri.rosenberg(at)caverion.fi<\/p>\n<p>Voit my\u00f6s tulostaa kaavakkeen ja antaa sen luottamusmiehelle tai palkanlaskijalle.<\/p>\n","protected":false},"excerpt":{"rendered":"<p>&nbsp; Voit liitty\u00e4 j\u00e4seneksi: 1. T\u00e4ytt\u00e4m\u00e4ll\u00e4 sitovan alla olevan nettilomakkeen. 2. Tai l\u00e4hett\u00e4m\u00e4ll\u00e4 liittymislomakkeen s\u00e4hk\u00f6postilla, jonka voi ladata alta. Liittymiskaavake\/ J\u00e4senmaksun perint\u00e4sopimus Kaavakkeen t\u00e4ytt\u00f6 ja l\u00e4hetys: 1. Lataa pdf- tiedosto omalle koneellesi. 2. Avaa se Adobe Reader ohjelmassa. 3. T\u00e4yt\u00e4 lomakkeen kent\u00e4t ja tallenna. 4. L\u00e4het\u00e4 t\u00e4ytetty lomake s\u00e4hk\u00f6postin liitteen\u00e4: petri.rosenberg(at)caverion.fi Voit my\u00f6s tulostaa kaavakkeen [&hellip;]<\/p>\n","protected":false},"author":1,"featured_media":0,"parent":0,"menu_order":0,"comment_status":"closed","ping_status":"closed","template":"","meta":[],"_links":{"self":[{"href":"https:\/\/www.caverit.fi\/index.php?rest_route=\/wp\/v2\/pages\/7"}],"collection":[{"href":"https:\/\/www.caverit.fi\/index.php?rest_route=\/wp\/v2\/pages"}],"about":[{"href":"https:\/\/www.caverit.fi\/index.php?rest_route=\/wp\/v2\/types\/page"}],"author":[{"embeddable":true,"href":"https:\/\/www.caverit.fi\/index.php?rest_route=\/wp\/v2\/users\/1"}],"replies":[{"embeddable":true,"href":"https:\/\/www.caverit.fi\/index.php?rest_route=%2Fwp%2Fv2%2Fcomments&post=7"}],"version-history":[{"count":4,"href":"https:\/\/www.caverit.fi\/index.php?rest_route=\/wp\/v2\/pages\/7\/revisions"}],"predecessor-version":[{"id":171,"href":"https:\/\/www.caverit.fi\/index.php?rest_route=\/wp\/v2\/pages\/7\/revisions\/171"}],"wp:attachment":[{"href":"https:\/\/www.caverit.fi\/index.php?rest_route=%2Fwp%2Fv2%2Fmedia&parent=7"}],"curies":[{"name":"wp","href":"https:\/\/api.w.org\/{rel}","templated":true}]}}