{"id":5,"date":"2015-05-28T17:41:34","date_gmt":"2015-05-28T14:41:34","guid":{"rendered":"http:\/\/www.caverit.fi\/?page_id=5"},"modified":"2015-08-11T22:42:24","modified_gmt":"2015-08-11T19:42:24","slug":"historia","status":"publish","type":"page","link":"https:\/\/www.caverit.fi\/?page_id=5","title":{"rendered":"Historia"},"content":{"rendered":"<p>S\u00e4hk\u00f6l\u00e4hteenm\u00e4ki KY:n s\u00e4hk\u00f6alan yhdistyksen perustava kokous pidettiin 15.6.1973 Lohjalla.<br \/>\nEnsimm\u00e4iseksi puheenjohtajaksi valittiin Antti Paavola Turusta ja sihteeriksi Antti Kulmala my\u00f6s Turusta.<br \/>\nAsentajaj\u00e4seni\u00e4 ensimm\u00e4isen vuoden aikana oli 200. Osastot jotka olivat j\u00e4seni\u00e4: Turku, Salo, Lohja, Karjaa, Forssa, Hyvink\u00e4\u00e4 ja Helsinki. J\u00e4senmaksu oli 10mk\/vuosi. <\/p>\n<p>Alkuvuosina kokouspaikkana toimi ravintola Anttila Lohjalla. Lohja oli keskeinen paikkakunta, johon osallistujilla oli lyhyt matka. Perustajaj\u00e4senet ovat kertoneet, ett\u00e4 kokouksiin osallistuneille tarjottiin pullakahvit yhdistyksen kustantamana. Jo vuonna 1973 s\u00e4\u00e4nt\u00f6ihin kirjattiin seuraava teksti yhdistyksen toiminnan tarkoituksesta: \u201dYhdistyksen tarkoituksena on suorittaa j\u00e4senist\u00f6n piiriss\u00e4 sellaista tiedotus, valistus ja opetustoimintaa, joka kohottaa j\u00e4senist\u00f6n ammatillisen yhteenkuuluvaisuuden tunnetta, kehitt\u00e4\u00e4 j\u00e4seni\u00e4 tuntemaan ty\u00f6nlains\u00e4\u00e4d\u00e4nt\u00f6\u00e4, alan ty\u00f6ehtosopimusta ja sen eri kohtien sovellusta, urakkahinnoittelua ja soveltamista ty\u00f6palkkalaskentaan ja sen edellytt\u00e4m\u00e4\u00e4 kirjanpitoa, sek\u00e4 toimii kaikin tarvittavin tavoin j\u00e4senist\u00f6n taloudellisen ja henkisen tason kehitt\u00e4miseksi\u201d. <em>Viel\u00e4 t\u00e4n\u00e4 p\u00e4iv\u00e4n\u00e4kin sama teksti on s\u00e4\u00e4nn\u00f6iss\u00e4 toimintaa ohjaamassa<\/em>.<\/p>\n<p>Lis\u00e4\u00e4 historiasta voit lukea alla olevasta pdf:st\u00e4.<br \/>\n<a href=\"http:\/\/www.caverit.fi\/lomakkeet\/25vhistoria.pdf\">25 v historia.pdf<\/a><\/p>\n","protected":false},"excerpt":{"rendered":"<p>S\u00e4hk\u00f6l\u00e4hteenm\u00e4ki KY:n s\u00e4hk\u00f6alan yhdistyksen perustava kokous pidettiin 15.6.1973 Lohjalla. Ensimm\u00e4iseksi puheenjohtajaksi valittiin Antti Paavola Turusta ja sihteeriksi Antti Kulmala my\u00f6s Turusta. Asentajaj\u00e4seni\u00e4 ensimm\u00e4isen vuoden aikana oli 200. Osastot jotka olivat j\u00e4seni\u00e4: Turku, Salo, Lohja, Karjaa, Forssa, Hyvink\u00e4\u00e4 ja Helsinki. J\u00e4senmaksu oli 10mk\/vuosi. Alkuvuosina kokouspaikkana toimi ravintola Anttila Lohjalla. Lohja oli keskeinen paikkakunta, johon osallistujilla oli [&hellip;]<\/p>\n","protected":false},"author":1,"featured_media":0,"parent":0,"menu_order":0,"comment_status":"closed","ping_status":"closed","template":"","meta":[],"_links":{"self":[{"href":"https:\/\/www.caverit.fi\/index.php?rest_route=\/wp\/v2\/pages\/5"}],"collection":[{"href":"https:\/\/www.caverit.fi\/index.php?rest_route=\/wp\/v2\/pages"}],"about":[{"href":"https:\/\/www.caverit.fi\/index.php?rest_route=\/wp\/v2\/types\/page"}],"author":[{"embeddable":true,"href":"https:\/\/www.caverit.fi\/index.php?rest_route=\/wp\/v2\/users\/1"}],"replies":[{"embeddable":true,"href":"https:\/\/www.caverit.fi\/index.php?rest_route=%2Fwp%2Fv2%2Fcomments&post=5"}],"version-history":[{"count":7,"href":"https:\/\/www.caverit.fi\/index.php?rest_route=\/wp\/v2\/pages\/5\/revisions"}],"predecessor-version":[{"id":90,"href":"https:\/\/www.caverit.fi\/index.php?rest_route=\/wp\/v2\/pages\/5\/revisions\/90"}],"wp:attachment":[{"href":"https:\/\/www.caverit.fi\/index.php?rest_route=%2Fwp%2Fv2%2Fmedia&parent=5"}],"curies":[{"name":"wp","href":"https:\/\/api.w.org\/{rel}","templated":true}]}}