{"id":2,"date":"2015-05-27T18:31:28","date_gmt":"2015-05-27T15:31:28","guid":{"rendered":"http:\/\/www.caverit.fi\/?page_id=2"},"modified":"2015-08-11T22:45:45","modified_gmt":"2015-08-11T19:45:45","slug":"esimerkkisivu","status":"publish","type":"page","link":"https:\/\/www.caverit.fi\/","title":{"rendered":"Etusivu"},"content":{"rendered":"<p>Yhdistyksen nimi on Caverion Asentajayhdistys ry ja kotipaikka Helsinki. Yhdistyksen toiminta-alue on rajoittamaton. Yhdistys toimii kaikkialla, miss\u00e4 Caverion Oyj yll\u00e4pit\u00e4\u00e4 konttoreita, toimipaikkoja ja ty\u00f6pisteit\u00e4. Yhdistys toimii rekister\u00f6ityn\u00e4 yhdistyksen\u00e4.<\/p>\n<p>Yhdistyksen tarkoituksena on suorittaa j\u00e4senist\u00f6n piiriss\u00e4 sellaista tiedotus-, valistus- ja opetustoimintaa, joka kohottaa j\u00e4senist\u00f6n ammatillista yhteenkuuluvaisuuden tunnetta. Kehitt\u00e4\u00e4 j\u00e4seni\u00e4 tuntemaan ty\u00f6lains\u00e4\u00e4d\u00e4nt\u00f6\u00e4, alan ty\u00f6ehtosopimusta ja sen eri kohtien soveltamista, urakkahinnoittelua ja sen soveltamista ty\u00f6paikkalaskentaan ja sen edellytt\u00e4m\u00e4\u00e4 ty\u00f6maankirjanpitoa. <\/p>\n","protected":false},"excerpt":{"rendered":"<p>Yhdistyksen nimi on Caverion Asentajayhdistys ry ja kotipaikka Helsinki. Yhdistyksen toiminta-alue on rajoittamaton. Yhdistys toimii kaikkialla, miss\u00e4 Caverion Oyj yll\u00e4pit\u00e4\u00e4 konttoreita, toimipaikkoja ja ty\u00f6pisteit\u00e4. Yhdistys toimii rekister\u00f6ityn\u00e4 yhdistyksen\u00e4. Yhdistyksen tarkoituksena on suorittaa j\u00e4senist\u00f6n piiriss\u00e4 sellaista tiedotus-, valistus- ja opetustoimintaa, joka kohottaa j\u00e4senist\u00f6n ammatillista yhteenkuuluvaisuuden tunnetta. Kehitt\u00e4\u00e4 j\u00e4seni\u00e4 tuntemaan ty\u00f6lains\u00e4\u00e4d\u00e4nt\u00f6\u00e4, alan ty\u00f6ehtosopimusta ja sen eri kohtien [&hellip;]<\/p>\n","protected":false},"author":1,"featured_media":0,"parent":0,"menu_order":0,"comment_status":"closed","ping_status":"closed","template":"","meta":[],"_links":{"self":[{"href":"https:\/\/www.caverit.fi\/index.php?rest_route=\/wp\/v2\/pages\/2"}],"collection":[{"href":"https:\/\/www.caverit.fi\/index.php?rest_route=\/wp\/v2\/pages"}],"about":[{"href":"https:\/\/www.caverit.fi\/index.php?rest_route=\/wp\/v2\/types\/page"}],"author":[{"embeddable":true,"href":"https:\/\/www.caverit.fi\/index.php?rest_route=\/wp\/v2\/users\/1"}],"replies":[{"embeddable":true,"href":"https:\/\/www.caverit.fi\/index.php?rest_route=%2Fwp%2Fv2%2Fcomments&post=2"}],"version-history":[{"count":3,"href":"https:\/\/www.caverit.fi\/index.php?rest_route=\/wp\/v2\/pages\/2\/revisions"}],"predecessor-version":[{"id":94,"href":"https:\/\/www.caverit.fi\/index.php?rest_route=\/wp\/v2\/pages\/2\/revisions\/94"}],"wp:attachment":[{"href":"https:\/\/www.caverit.fi\/index.php?rest_route=%2Fwp%2Fv2%2Fmedia&parent=2"}],"curies":[{"name":"wp","href":"https:\/\/api.w.org\/{rel}","templated":true}]}}