{"id":15,"date":"2015-05-28T17:53:43","date_gmt":"2015-05-28T14:53:43","guid":{"rendered":"http:\/\/www.caverit.fi\/?page_id=15"},"modified":"2021-05-25T12:22:57","modified_gmt":"2021-05-25T09:22:57","slug":"saannot","status":"publish","type":"page","link":"https:\/\/www.caverit.fi\/?page_id=15","title":{"rendered":"S\u00e4\u00e4nn\u00f6t"},"content":{"rendered":"<p>S\u00e4\u00e4nn\u00f6t:<\/p>\n<p>Yhdistyksen nimi on Caverion Asentajayhdistys ry ja kotipaikka Helsinki. Yhdistyksen toiminta-alue on rajoittamaton. Yhdistys toimii kaikkialla, miss\u00e4 Caverion Oyj yll\u00e4pit\u00e4\u00e4 konttoreita, toimipaikkoja ja ty\u00f6pisteit\u00e4. Yhdistys toimii rekister\u00f6ityn\u00e4 yhdistyksen\u00e4.<\/p>\n<p>Yhdistyksen tarkoituksena on suorittaa j\u00e4senist\u00f6n piiriss\u00e4 sellaista tiedotus-, valistus- ja opetustoimintaa, joka kohottaa j\u00e4senist\u00f6n ammatillista yhteenkuuluvaisuuden tunnetta. Kehitt\u00e4\u00e4 j\u00e4seni\u00e4 tuntemaan ty\u00f6lains\u00e4\u00e4d\u00e4nt\u00f6\u00e4, alan ty\u00f6ehtosopimusta ja sen eri kohtien sovellutusta, urakkahinnoittelua ja sen soveltamista ty\u00f6paikkalaskentaan ha sen edellytt\u00e4m\u00e4\u00e4 ty\u00f6maankirjanpitoa. Toiminnan tarkoitus on my\u00f6s j\u00e4senist\u00f6n yleisen taloudellisen ja henkisen tason kohottaminen.<\/p>\n<p>Tarkoituksen saavuttamiseksi yhdistys:<\/p>\n<p>pyrkii ty\u00f6ntekij\u00f6iden t\u00e4ydelliseen ammatilliseen j\u00e4rjest\u00e4ytyneisyyteen<\/p>\n<p>valvoo alan ty\u00f6ehtosopimuksen noudattamista ja j\u00e4senien oikeuksia ty\u00f6markkinoilla<\/p>\n<p>toimii alan ty\u00f6- ja palkkaehtojen sek\u00e4 sosiaalisen lains\u00e4\u00e4d\u00e4nn\u00f6n parantamiseksi<\/p>\n<p>edist\u00e4\u00e4 j\u00e4senten opiskelua ja ammattikasvatusta kurssien, esitelmien, tiedotustoiminnan ym. samanluonteisten toimintojen kanssa<\/p>\n<p>ottaa vastaan lahjoituksia ja kantaa j\u00e4senilt\u00e4 j\u00e4senmaksua<\/p>\n<p>on valitsemiensa elinten kautta kosketuksessa Caverion Oyj:n johtoon ja k\u00e4y sen kanssa keskustelua sek\u00e4 neuvotteluja yrityksen sis\u00e4isist\u00e4 kysymyksist\u00e4<\/p>\n<p>tiedottaa n\u00e4ist\u00e4 keskusteluista johtuvista toimenpiteist\u00e4 j\u00e4senille<\/p>\n<p>noudattaa kaikissa toiminnoissaan sellaisia menettelytapoja, jotka eiv\u00e4t ole ristiriidassa SAK:laisten liittojen s\u00e4\u00e4nt\u00f6jen mukaisten p\u00e4\u00e4t\u00f6sten kanssa<\/p>\n<p>ei harjoita eik\u00e4 tue puoluepoliittista toimintaa<\/p>\n<p>J\u00e4senist\u00f6 ja j\u00e4senmaksut<\/p>\n<p>Yhdistyksen j\u00e4senyyteen voivat kuulua kaikki Caverion Oyj:n eri osakeyhti\u00f6iden palveluksessa ty\u00f6skentelev\u00e4t Talotekniikka-alan LVI sek\u00e4 S\u00e4hk\u00f6liiton eri ty\u00f6ehtosopimuksien piiriss\u00e4 olevat asentajat, jotka haluavat siihen liitty\u00e4 ja yhdistyksen hallitus heid\u00e4t j\u00e4seniksi hyv\u00e4ksyy.<\/p>\n<p>Toiminnan rahoittamiseksi perit\u00e4\u00e4n j\u00e4senilt\u00e4 j\u00e4senmaksua. J\u00e4senmaksun suuruus p\u00e4\u00e4tet\u00e4\u00e4n vuosittain syyskokouksessa. J\u00e4senmaksun perii sek\u00e4 tilitt\u00e4\u00e4 yhdistyksen tilille ty\u00f6nantaja jokaisen j\u00e4senen antamalla henkil\u00f6kohtaisella valtakirjalla, muuten menetell\u00e4\u00e4n samoin kuin liitollekin peritt\u00e4vi\u00e4 j\u00e4senmaksuja peritt\u00e4ess\u00e4 ja tilitett\u00e4ess\u00e4. J\u00e4senmaksu perit\u00e4\u00e4n verotettavasta palkkatulosta.<\/p>\n<p>J\u00e4senmaksuperinn\u00e4n k\u00e4yt\u00e4nn\u00f6llisist\u00e4 toimenpiteist\u00e4 neuvottelee ja sopii yhdistyksen hallitus Caverion Oyj:n kanssa.<\/p>\n<p>Hallitus ja sen teht\u00e4v\u00e4t<\/p>\n<p>Yhdistyksen asioita ja sen omaisuutta hoitaa syyskokouksessa valittu hallitus, johon valitaan puheenjohtaja, sihteeri, taloudenhoitaja ja 0-15 varsinaista j\u00e4sent\u00e4 sek\u00e4 jokaiselle hallituksen varsinaiselle j\u00e4senelle henkil\u00f6kohtainen varaj\u00e4sen. Hallitus valitsee keskuudestaan varapuheenjohtajan.<\/p>\n<p>Puheenjohtaja, sihteeri ja hallituksen varsinaiset ja varaj\u00e4senet valitaan kahdeksi kalenterivuodeksi kerrallaan.<\/p>\n<p>Ty\u00f6valiokunnan muodostavat puheenjohtaja, sihteeri ja taloudenhoitaja. Ty\u00f6valiokunnan teht\u00e4v\u00e4 on valmistella asiat hallitukselle.<\/p>\n<p>Hallitus kokoontuu tarpeen vaatiessa puheenjohtajan tai h\u00e4nen ollessa estyneen\u00e4, varapuheenjohtajan kutsusta tai jos v\u00e4hint\u00e4\u00e4n kaksi (2) varsinaista j\u00e4sent\u00e4 sit\u00e4 vaatii.<\/p>\n<p>Hallitus on p\u00e4\u00e4t\u00f6svaltainen jos enemmist\u00f6 j\u00e4senist\u00e4 on l\u00e4sn\u00e4. P\u00e4\u00e4t\u00f6kset tehd\u00e4\u00e4n yksinkertaisella \u00e4\u00e4nten enemmist\u00f6ll\u00e4. \u00c4\u00e4nien menness\u00e4 tasan, voittaa se mielipide, jota puheenjohtaja on kannattanut. Vaalissa asian ratkaisee arpa.<\/p>\n<p>Hallituksen j\u00e4senen ollessa estynyt osallistumaan kokoukseen, hallituksen on huolehdittava varaj\u00e4senen kutsumisesta tilalle.<\/p>\n<p>Hallituksen kokouksista laaditaan p\u00f6yt\u00e4kirja, jonka kokouksen puheenjohtaja ja sihteeri sek\u00e4 kokous kohtaisesti valittavat p\u00f6yt\u00e4kirjantarkastajat varmentavat nimikirjoituksillaan.<\/p>\n<p>Hallituksen tulee hoitaa huolellisesti yhdistyksen omaisuutta, s\u00e4ilytt\u00e4\u00e4 sen varat t\u00e4ysin luotettavasti ja yhdistykselle edullisesti. Hallituksen j\u00e4senet vastaavat vahingosta, jonka heid\u00e4n huolimattomuutensa lain taikka s\u00e4\u00e4nt\u00f6jen yhdistyksen vastainen toiminta on yhdistykselle aiheuttanut. Hallituksen j\u00e4sen joka ilmoittaa p\u00f6yt\u00e4kirjaan eri\u00e4v\u00e4n mielipiteens\u00e4 tehdyn p\u00e4\u00e4t\u00f6ksen johdosta, on vapaa p\u00e4\u00e4t\u00f6ksen tuottamasta vastuusta, ellei h\u00e4n osallistu p\u00e4\u00e4t\u00f6ksen t\u00e4yt\u00e4nt\u00f6\u00f6npanoon.<\/p>\n<p>Yhdistyksen puheenjohtaja yhdess\u00e4 hallituksen kanssa ohjaa yhdistyksen toimintaa. Puheenjohtaja johtaa puhetta yhdistyksen kokouksissa, valvoo s\u00e4\u00e4nt\u00f6jen noudattamista ja ett\u00e4 toimihenkil\u00f6t t\u00e4ytt\u00e4v\u00e4t teht\u00e4v\u00e4ns\u00e4.<\/p>\n<p>Puheenjohtajan ollessa estynyt, h\u00e4nen teht\u00e4vi\u00e4\u00e4n hoitaa varapuheenjohtaja.<\/p>\n<p>Yhdistyksen sihteeri laatii hallituksen kokouksista p\u00f6yt\u00e4kirjan, laatii ehdotuksen yhdistyksen toimintakertomukseksi, hoitaa kirjeenvaihdon sek\u00e4 huolehtii muiden kirjallisten teht\u00e4vien suorittamisesta.<\/p>\n<p>Taloudenhoitaja hoitaa yhdistyksen kirjanpidon, laatii ehdotuksen tilinp\u00e4\u00e4t\u00f6kseksi ja valvoo, ett\u00e4 j\u00e4senet suorittavat j\u00e4senmaksunsa sek\u00e4 tekee muut hallituksen h\u00e4nen teht\u00e4v\u00e4kseen m\u00e4\u00e4r\u00e4\u00e4m\u00e4t yhdistyksen taloutta koskevat teht\u00e4v\u00e4t.<\/p>\n<p>Asentajayhdistyksen kokouksissa ei voi valita henkil\u00f6\u00e4 yhdistyksen teht\u00e4viin, jollei h\u00e4nen j\u00e4senmaksunsa ole suoritettu ennen ko. kokousta.<\/p>\n<p>Yhdistyksen nimen kirjoittaa puheenjohtaja ja sihteeri yhdess\u00e4 tai puheenjohtaja ja taloudenhoitaja yhdess\u00e4.<\/p>\n<p>Tilikausi ja toiminnantarkastus<\/p>\n<p>Yhdistyksen tilikausi on kalenterivuosi. Hallituksen hyv\u00e4ksym\u00e4t p\u00e4\u00e4ttyneen kalenterivuoden tilit ja tilinp\u00e4\u00e4t\u00f6s sek\u00e4 muut tarpeelliset asiakirjat on luovutettava toiminnantarkastajille viimeist\u00e4\u00e4n kaksi (2) viikkoa ennen vuosikokousta.<\/p>\n<p>Yhdistyksen kokoukset<\/p>\n<p>Yhdistyksen ylint\u00e4 p\u00e4\u00e4t\u00f6svaltaa k\u00e4ytt\u00e4\u00e4 yhdistyksen vuosikokous. Vuosikokous pidet\u00e4\u00e4n syyskuun alun ja joulukuun lopun v\u00e4lill\u00e4. Ylim\u00e4\u00e4r\u00e4isi\u00e4 kokouksia pidet\u00e4\u00e4n hallituksen harkinnan mukaan tai jos v\u00e4hint\u00e4\u00e4n viisi (5) ty\u00f6huonekuntaa niin vaatii.<\/p>\n<p>Yhdistyksen kokoukset kutsuu koolle hallitus. Kokoukset kutsutaan koolle ty\u00f6huonekuntien luottamusmiehille toimitettavalla s\u00e4hk\u00f6postilla sek\u00e4 yhdistyksen kotisivuilla.<\/p>\n<p>Jokaisella j\u00e4senell\u00e4 on yksi \u00e4\u00e4ni<\/p>\n<p>Vuosikokous:<\/p>\n<ol>\n<li>a) K\u00e4sitell\u00e4\u00e4n toiminta- ja tilikertomus<br \/>\nb) P\u00e4\u00e4tet\u00e4\u00e4n tili- ja vastuuvapauden my\u00f6nt\u00e4misest\u00e4 hallitukselle<br \/>\nc) K\u00e4sitell\u00e4\u00e4n menneen vuoden toimintakertomus<br \/>\nd) K\u00e4sitell\u00e4\u00e4n muut kev\u00e4tkokoukselle esitetyt asiat<\/li>\n<li>e) Valitaan yhdistyksen hallituksen j\u00e4senet ja henkil\u00f6kohtaiset varaj\u00e4senet, enint\u00e4\u00e4n<br \/>\n15 varsinaista hallituksen j\u00e4sent\u00e4 ja henkil\u00f6kohtaista varaj\u00e4sent\u00e4<br \/>\nf) Valitaan yhdistykselle puheenjohtaja, sihteeri ja taloudenhoitaja sek\u00e4<br \/>\ng) Valitaan kaksi (2) toiminnantarkastajaa ja heille henkil\u00f6kohtaiset varaj\u00e4senet<br \/>\nh) P\u00e4\u00e4tet\u00e4\u00e4n j\u00e4senmaksun suuruudesta seuraavaksi vuodeksi<\/li>\n<li>i) Vahvistetaan seuraavan toimintakauden toimintasuunnitelma<br \/>\nj) Vahvistetaan talousarvio seuraavaksi toimikaudeksi<\/li>\n<li>k) P\u00e4\u00e4tet\u00e4\u00e4n toimihenkil\u00f6iden ja kokous edustajien palkkioista<br \/>\nl) K\u00e4sitell\u00e4\u00e4n muut syyskokoukselle esitetyt asiat<\/li>\n<\/ol>\n<ol start=\"4\">\n<li>Ylim\u00e4\u00e4r\u00e4isess\u00e4 yhdistyksen kokouksessa k\u00e4sitell\u00e4\u00e4n ne erityiset asiat, joita varten kokous on kutsuttu koolle ja joista tulee kokouskutsuissa erikseen mainita<\/li>\n<\/ol>\n<p>S\u00e4\u00e4nt\u00f6jen muuttaminen<\/p>\n<p>Yhdistyksen s\u00e4\u00e4nt\u00f6jen muuttamisesta p\u00e4\u00e4tt\u00e4\u00e4 vuosikokous yksinkertaisella \u00e4\u00e4nten enemmist\u00f6ll\u00e4.<\/p>\n<p>Asiasta on mainittava kokouskutsussa.<\/p>\n<p>Silt\u00e4 osin, mit\u00e4 n\u00e4iss\u00e4 s\u00e4\u00e4n\u00f6iss\u00e4 ei ole sanottu noudatetaan S\u00e4hk\u00f6alojen Ammattiliitto ry:n, ja sen j\u00e4senosastojen ja yhdistyslain m\u00e4\u00e4r\u00e4yksi\u00e4<\/p>\n<p>Yhdistyksen purkautuminen, lakkauttaminen ja varojen jako<\/p>\n<p>Yhdistyksen purkautuessa siit\u00e4 p\u00e4\u00e4tet\u00e4\u00e4n yhdistyksen vuosikokouksessa tai yhdistyksen ylim\u00e4\u00e4r\u00e4isess\u00e4 kokouksessa.<\/p>\n<p>Yhdistyksen purkautuessa k\u00e4ytet\u00e4\u00e4n yhdistyksen varat yhdistyksen tarkoituksen edist\u00e4miseen purkautumista p\u00e4\u00e4tt\u00e4v\u00e4n kokouksen m\u00e4\u00e4r\u00e4\u00e4m\u00e4ll\u00e4 tavalla. Yhdistyksen tullessa lakkautetuksi k\u00e4ytet\u00e4\u00e4n sen varat samaan tarkoitukseen.<\/p>\n","protected":false},"excerpt":{"rendered":"<p>S\u00e4\u00e4nn\u00f6t: Yhdistyksen nimi on Caverion Asentajayhdistys ry ja kotipaikka Helsinki. Yhdistyksen toiminta-alue on rajoittamaton. Yhdistys toimii kaikkialla, miss\u00e4 Caverion Oyj yll\u00e4pit\u00e4\u00e4 konttoreita, toimipaikkoja ja ty\u00f6pisteit\u00e4. Yhdistys toimii rekister\u00f6ityn\u00e4 yhdistyksen\u00e4. Yhdistyksen tarkoituksena on suorittaa j\u00e4senist\u00f6n piiriss\u00e4 sellaista tiedotus-, valistus- ja opetustoimintaa, joka kohottaa j\u00e4senist\u00f6n ammatillista yhteenkuuluvaisuuden tunnetta. Kehitt\u00e4\u00e4 j\u00e4seni\u00e4 tuntemaan ty\u00f6lains\u00e4\u00e4d\u00e4nt\u00f6\u00e4, alan ty\u00f6ehtosopimusta ja sen eri [&hellip;]<\/p>\n","protected":false},"author":1,"featured_media":0,"parent":0,"menu_order":0,"comment_status":"closed","ping_status":"closed","template":"","meta":[],"_links":{"self":[{"href":"https:\/\/www.caverit.fi\/index.php?rest_route=\/wp\/v2\/pages\/15"}],"collection":[{"href":"https:\/\/www.caverit.fi\/index.php?rest_route=\/wp\/v2\/pages"}],"about":[{"href":"https:\/\/www.caverit.fi\/index.php?rest_route=\/wp\/v2\/types\/page"}],"author":[{"embeddable":true,"href":"https:\/\/www.caverit.fi\/index.php?rest_route=\/wp\/v2\/users\/1"}],"replies":[{"embeddable":true,"href":"https:\/\/www.caverit.fi\/index.php?rest_route=%2Fwp%2Fv2%2Fcomments&post=15"}],"version-history":[{"count":3,"href":"https:\/\/www.caverit.fi\/index.php?rest_route=\/wp\/v2\/pages\/15\/revisions"}],"predecessor-version":[{"id":177,"href":"https:\/\/www.caverit.fi\/index.php?rest_route=\/wp\/v2\/pages\/15\/revisions\/177"}],"wp:attachment":[{"href":"https:\/\/www.caverit.fi\/index.php?rest_route=%2Fwp%2Fv2%2Fmedia&parent=15"}],"curies":[{"name":"wp","href":"https:\/\/api.w.org\/{rel}","templated":true}]}}